{"id":96,"date":"2017-09-05T10:55:59","date_gmt":"2017-09-05T10:55:59","guid":{"rendered":"http:\/\/demo.curlythemes.com\/art-gallery-wp\/?page_id=96"},"modified":"2025-06-20T09:44:16","modified_gmt":"2025-06-20T09:44:16","slug":"faissal-ben-kiran","status":"publish","type":"page","link":"https:\/\/edenartgallery.ma\/en\/about-us\/faissal-ben-kiran\/","title":{"rendered":"Faissal Ben kiran"},"content":{"rendered":"<div class=\"wpb-content-wrapper\"><div data-stellar-offset-parent=\"true\"  class=\"vc_row wpb_row vc_row-fluid content-padding vc_custom_1504195713546\"><div  class=\"wpb_column vc_column_container vc_col-sm-12\"><div class=\"vc_column-inner\" style=\"\" ><div class=\"wpb_wrapper\">\n\t<div class=\"wpb_text_column wpb_content_element\" >\n\t\t<div class=\"wpb_wrapper\">\n\t\t\t<h1 class=\"display-2 special-title\" style=\"text-align: center;\"><small>ARTISTE<\/small>Faissal Ben kiran<\/h1>\n\n\t\t<\/div>\n\t<\/div>\n<div class=\"vc_empty_space  xtd-spacer\"   style=\"height: 2rem\"><span class=\"vc_empty_space_inner\"><\/span><\/div><\/div><\/div><\/div><div  class=\"wpb_column vc_column_container vc_col-sm-4\"><div class=\"vc_column-inner\" style=\"\" ><div class=\"wpb_wrapper\">\n\t<div class=\"wpb_single_image wpb_content_element vc_align_left   xtd-offset-frame\">\n\t\t\n\t\t<figure class=\"wpb_wrapper vc_figure\">\n\t\t\t<div class=\"vc_single_image-wrapper xtd-shadow--normal-light  vc_box_border_grey\"><img loading=\"lazy\" decoding=\"async\" width=\"1276\" height=\"1618\" src=\"https:\/\/edenartgallery.ma\/wp-content\/uploads\/2025\/05\/Capture-decran-2025-05-19-a-10.44.23.png\" class=\"vc_single_image-img attachment-full\" alt=\"\" title=\"Capture d\u2019e\u0301cran 2025-05-19 a\u0300 10.44.23\" \/><\/div>\n\t\t<\/figure>\n\t<\/div>\n<div class=\"vc_empty_space  xtd-spacer\"   style=\"height: 2rem\"><span class=\"vc_empty_space_inner\"><\/span><\/div>\n\t<div class=\"wpb_text_column wpb_content_element\" >\n\t\t<div class=\"wpb_wrapper\">\n\t\t\t<blockquote>\n<p style=\"text-align: center;\">Faissal Ben Kiran est un artiste plasticien et professeur d\u2019arts plastiques \u00e0 T\u00e9touan, sa ville de naissance et de r\u00e9sidence. Il est de ces (rares) artistes ayant bien profit\u00e9 de leur formation aux Beaux-Arts de T\u00e9touan aussi bien dans sa composante acad\u00e9mique que dans celle conceptuelle.<\/p>\n<\/blockquote>\n\n\t\t<\/div>\n\t<\/div>\n<\/div><\/div><\/div><div  class=\"wpb_column vc_column_container vc_col-sm-8 vc_col-lg-offset-1 vc_col-lg-7\"><div class=\"vc_column-inner\" style=\"\" ><div class=\"wpb_wrapper\">\n\t<div class=\"wpb_text_column wpb_content_element\" >\n\t\t<div class=\"wpb_wrapper\">\n\t\t\t<p class=\"lead lead-lg\">Dans ses portraits, il rend hommage \u00e0 la femme \u00e0 l\u2019instar des grands ma\u00eetres de la peinture classique et moderne (L. de Vinci, J. Vermeer, E. Manet).<\/p>\n<p>Il repr\u00e9sente de belles femmes t\u00e9touanaises portant toujours des caftans traditionnels somptueux, confectionn\u00e9s avec des tissus chers tels le brocart ou Lekhrib, et des bijoux comme des mari\u00e9es, mais aussi de jeunes femmes noires (rayonnantes !) faisant allusion \u00e0 ces servantes africaines subsahariennes ayant grandi dans certaines familles marocaines jusqu\u2019\u00e0 devenir des dadas indispensables au bon fonctionnement des affaires internes de celles-l\u00e0.<\/p>\n<p>Il leur attribue m\u00eame des pr\u00e9noms po\u00e9tiques tomb\u00e9s dans l\u2019oubli tels Anbar, Ouarda, Johara, Marjana, Yaqouta, Fanida, Bodour, Nour, Batoul, Louiza ou Soltana, comme ceux des vraies ma\u00eetresses de maison, et les entoure d\u2019objets valeureux (c\u00e9ramiques, horloges dor\u00e9es, Bougeoirs,&#8230;) et \/ ou d\u2019\u0153uvres d\u2019artistes marocains et \u00e9trangers (El Glaoui, Belkahia, Melehi, Ben Cheffaj, Ouazzani, La\u00e2tiris, Shimi, Binebine, C\u00e9zanne, Botero,&#8230;).<\/p>\n\n\t\t<\/div>\n\t<\/div>\n<div class=\"vc_row wpb_row vc_inner vc_row-fluid vc_column-gap-35\"><div class=\"wpb_column vc_column_container vc_col-sm-6\"><div class=\"vc_column-inner\"><div class=\"wpb_wrapper\">\n\t<div class=\"wpb_text_column wpb_content_element\" >\n\t\t<div class=\"wpb_wrapper\">\n\t\t\t<p>En parall\u00e8le, Ben Kiran a d\u00e9velopp\u00e9 une s\u00e9rie de peintures-installations intrigantes o\u00f9 il a accentu\u00e9 ses clins d\u2019\u0153il artistiques en juxtaposant des livres d\u2019art, des fruits, des jouets d\u2019enfant, des objets artisanaux ou triviaux et m\u00eame des \u0153uvres d\u2019artistes c\u00e9l\u00e8bres ou motifs les repr\u00e9sentant (Van Gogh, Giacometti, Dali, Bacon, Mir\u00f3, Viallat, Duchamp, Koons, Gharbaoui, Cherkaoui, Hamidi, Melehi, Kacimi, Ben Cheffaj, Ouazzani, Cha\u00efbia,&#8230;).<\/p>\n<p>Ces objets et \u0153uvres d\u2019art \u00e9tablissent des dialogues et des questionnements impr\u00e9visibles entre les styles, les courants et les \u00e9poques<\/p>\n\n\t\t<\/div>\n\t<\/div>\n<\/div><\/div><\/div><div class=\"wpb_column vc_column_container vc_col-sm-6\"><div class=\"vc_column-inner\"><div class=\"wpb_wrapper\"><div class='xtd-carousel-mini__container'><div class='xtd-carousel-mini'><div class='owl-carousel' data-autoplay='true' data-timeout='2000' data-hover='false' data-loop='false' data-dots='true'>\n\t<div class=\"wpb_single_image wpb_content_element vc_align_left\">\n\t\t\n\t\t<figure class=\"wpb_wrapper vc_figure\">\n\t\t\t<div class=\"vc_single_image-wrapper   vc_box_border_grey\"><img loading=\"lazy\" decoding=\"async\" width=\"959\" height=\"1150\" src=\"https:\/\/edenartgallery.ma\/wp-content\/uploads\/2025\/05\/benk1.jpg\" class=\"vc_single_image-img attachment-full\" alt=\"\" title=\"benk1\" \/><\/div>\n\t\t<\/figure>\n\t<\/div>\n\n\t<div class=\"wpb_single_image wpb_content_element vc_align_left\">\n\t\t\n\t\t<figure class=\"wpb_wrapper vc_figure\">\n\t\t\t<div class=\"vc_single_image-wrapper   vc_box_border_grey\"><img loading=\"lazy\" decoding=\"async\" width=\"720\" height=\"900\" src=\"https:\/\/edenartgallery.ma\/wp-content\/uploads\/2025\/05\/benk3.jpg\" class=\"vc_single_image-img attachment-full\" alt=\"\" title=\"benk3\" \/><\/div>\n\t\t<\/figure>\n\t<\/div>\n\n\t<div class=\"wpb_single_image wpb_content_element vc_align_left\">\n\t\t\n\t\t<figure class=\"wpb_wrapper vc_figure\">\n\t\t\t<div class=\"vc_single_image-wrapper   vc_box_border_grey\"><img loading=\"lazy\" decoding=\"async\" width=\"1080\" height=\"1350\" src=\"https:\/\/edenartgallery.ma\/wp-content\/uploads\/2025\/05\/benk2.jpg\" class=\"vc_single_image-img attachment-full\" alt=\"\" title=\"benk2\" \/><\/div>\n\t\t<\/figure>\n\t<\/div>\n<\/div><\/div><\/div><\/div><\/div><\/div><\/div><\/div><\/div><\/div><\/div><div data-stellar-offset-parent=\"true\"  class=\"vc_row wpb_row vc_row-fluid content-padding vc_column-gap-35 vc_row-o-content-middle vc_row-flex\"><div  class=\"wpb_column vc_column_container vc_col-sm-8\"><div class=\"vc_column-inner\" style=\"\" ><div class=\"wpb_wrapper\">\n\t<div class=\"wpb_single_image wpb_content_element vc_align_center\">\n\t\t\n\t\t<figure class=\"wpb_wrapper vc_figure\">\n\t\t\t<div class=\"vc_single_image-wrapper xtd-shadow--normal-normal  vc_box_border_grey\"><img loading=\"lazy\" decoding=\"async\" width=\"1140\" height=\"570\" src=\"https:\/\/edenartgallery.ma\/wp-content\/uploads\/2025\/05\/Portrait-FBK-1-1140x570-1.jpg\" class=\"vc_single_image-img attachment-full\" alt=\"\" title=\"Portrait-FBK-1-1140x570 (1)\" \/><\/div>\n\t\t<\/figure>\n\t<\/div>\n<\/div><\/div><\/div><div  class=\"wpb_column vc_column_container vc_col-sm-4 vc_col-lg-offset-1 vc_col-lg-3\"><div class=\"vc_column-inner\" style=\"\" ><div class=\"wpb_wrapper\">\n\t<div class=\"wpb_text_column wpb_content_element\" >\n\t\t<div class=\"wpb_wrapper\">\n\t\t\t<p>Tel un d\u00e9terreur ou un restaurateur de la m\u00e9moire, Faissal Ben Kiran exhume des \u00e9l\u00e9ments et des symboles traditionnels marocains pour les mettre au go\u00fbt du jour, convoque mais interroge aussi toute l\u2019histoire de l\u2019art avec ses c\u00e9l\u00e9brit\u00e9s et ses zones d\u2019ombre dans ses \u0153uvres qui plaisent et intriguent aussi bien par leur familiarit\u00e9 que par leur \u00e9tranget\u00e9.<\/p>\n\n\t\t<\/div>\n\t<\/div>\n<\/div><\/div><\/div><\/div><div data-stellar-offset-parent=\"true\"  class=\"vc_row wpb_row vc_row-fluid content-padding-lg vc_custom_1504536626860 vc_column-gap-35 vc_row-o-content-middle vc_row-flex\"><div  class=\"wpb_column vc_column_container vc_col-sm-3 vc_col-lg-3\"><div class=\"vc_column-inner\" style=\"\" ><div class=\"wpb_wrapper\">\n\t<div class=\"wpb_text_column wpb_content_element\" >\n\t\t<div class=\"wpb_wrapper\">\n\t\t\t<p><span style=\"font-family: -apple-system, BlinkMacSystemFont, 'Segoe UI', Roboto, 'Helvetica Neue', Arial, sans-serif; font-size: 1rem;\"><br \/>\n<strong>Faissal Ben Kiran ou la peinture du sensible<\/strong><\/span><\/p>\n<p>Baudelaire, chantre de la beaute\u0301, inscrit dans un de ses plus e\u0301ternels poe\u0300mes des Fleurs du Mal, intitule\u0301 \u00ab Les Phares \u00bb, un vibrant hommage aux artistes, aux peintres et aux compositeurs ; car il les conside\u0300re comme des de\u0301miurges, cre\u0301ateurs d\u2019univers ine\u0301dits et originaux. Son a\u0302me tourmente\u0301e de poe\u0300te n\u2019est charme\u0301e que par la transposition des sens par devant de la beaute\u0301 absolue.<\/p>\n\n\t\t<\/div>\n\t<\/div>\n<\/div><\/div><\/div><div  class=\"wpb_column vc_column_container vc_col-sm-8 vc_col-lg-offset-1\"><div class=\"vc_column-inner\" style=\"\" ><div class=\"wpb_wrapper\">\n\t<div class=\"wpb_single_image wpb_content_element vc_align_center\">\n\t\t\n\t\t<figure class=\"wpb_wrapper vc_figure\">\n\t\t\t<div class=\"vc_single_image-wrapper xtd-shadow--normal-normal  vc_box_border_grey\"><img loading=\"lazy\" decoding=\"async\" width=\"1000\" height=\"666\" src=\"https:\/\/edenartgallery.ma\/wp-content\/uploads\/2025\/05\/ba79a562d49a4195fbbe65b62ac91208.jpg\" class=\"vc_single_image-img attachment-full\" alt=\"\" title=\"ba79a562d49a4195fbbe65b62ac91208\" \/><\/div>\n\t\t<\/figure>\n\t<\/div>\n<\/div><\/div><\/div><\/div>\n<\/div>","protected":false},"excerpt":{"rendered":"ARTISTEFaissal Ben kiran Faissal Ben Kiran est un artiste plasticien et professeur d\u2019arts plastiques \u00e0 T\u00e9touan, sa ville de naissance et de r\u00e9sidence. Il est de ces (rares) artistes ayant bien profit\u00e9 de leur formation aux Beaux-Arts de T\u00e9touan aussi bien dans sa composante acad\u00e9mique que dans celle conceptuelle. Dans ses portraits, il rend hommage \u00e0 la femme \u00e0 l\u2019instar [...]","protected":false},"author":1,"featured_media":0,"parent":80,"menu_order":0,"comment_status":"closed","ping_status":"closed","template":"","meta":{"footnotes":""},"class_list":["post-96","page","type-page","status-publish","hentry"],"_links":{"self":[{"href":"https:\/\/edenartgallery.ma\/en\/wp-json\/wp\/v2\/pages\/96","targetHints":{"allow":["GET"]}}],"collection":[{"href":"https:\/\/edenartgallery.ma\/en\/wp-json\/wp\/v2\/pages"}],"about":[{"href":"https:\/\/edenartgallery.ma\/en\/wp-json\/wp\/v2\/types\/page"}],"author":[{"embeddable":true,"href":"https:\/\/edenartgallery.ma\/en\/wp-json\/wp\/v2\/users\/1"}],"replies":[{"embeddable":true,"href":"https:\/\/edenartgallery.ma\/en\/wp-json\/wp\/v2\/comments?post=96"}],"version-history":[{"count":0,"href":"https:\/\/edenartgallery.ma\/en\/wp-json\/wp\/v2\/pages\/96\/revisions"}],"up":[{"embeddable":true,"href":"https:\/\/edenartgallery.ma\/en\/wp-json\/wp\/v2\/pages\/80"}],"wp:attachment":[{"href":"https:\/\/edenartgallery.ma\/en\/wp-json\/wp\/v2\/media?parent=96"}],"curies":[{"name":"wp","href":"https:\/\/api.w.org\/{rel}","templated":true}]}}