{"id":80,"date":"2017-09-05T10:49:47","date_gmt":"2017-09-05T10:49:47","guid":{"rendered":"http:\/\/demo.curlythemes.com\/art-gallery-wp\/?page_id=80"},"modified":"2025-06-29T10:46:30","modified_gmt":"2025-06-29T10:46:30","slug":"about-us","status":"publish","type":"page","link":"https:\/\/edenartgallery.ma\/en\/about-us\/","title":{"rendered":"\u00c0 Propos de Nous"},"content":{"rendered":"<div class=\"wpb-content-wrapper\"><div data-vc-full-width=\"true\" data-vc-full-width-init=\"false\" data-stellar-offset-parent=\"true\"  class=\"vc_row wpb_row vc_row-fluid bg-pos-center-bottom bg-no-repeat content-padding-lg vc_custom_1747650175120 vc_row-has-fill\"><div  class=\"wpb_column vc_column_container vc_col-sm-6\"><div class=\"vc_column-inner\" style=\"\" ><div class=\"wpb_wrapper\">\n\t<div class=\"wpb_text_column wpb_content_element vc_custom_1748177260260\" >\n\t\t<div class=\"wpb_wrapper\">\n\t\t\t<h1 class=\"display-1\">Welcome to the Eden Gallery,<\/h1>\n\n\t\t<\/div>\n\t<\/div>\n<div class=\"vc_empty_space  xtd-spacer--lg\"   style=\"height: 2rem\"><span class=\"vc_empty_space_inner\"><\/span><\/div>\n\t<div class=\"wpb_text_column wpb_content_element\" >\n\t\t<div class=\"wpb_wrapper\">\n\t\t\t<p class=\"lead lead-lg\">When I founded this gallery, my ambition was simple but essential: to create a vibrant, bold and generous space, where contemporary art can freely dialogue with the world, with our heritage and with our imaginations.<\/p>\n\n\t\t<\/div>\n\t<\/div>\n<div class=\"vc_empty_space  xtd-spacer\"   style=\"height: 2rem\"><span class=\"vc_empty_space_inner\"><\/span><\/div><div class=\"vc_row wpb_row vc_inner vc_row-fluid\"><div class=\"wpb_column vc_column_container vc_col-sm-6\"><div class=\"vc_column-inner\"><div class=\"wpb_wrapper\">\n\t<div class=\"wpb_text_column wpb_content_element\" >\n\t\t<div class=\"wpb_wrapper\">\n\t\t\t<p>Eden Art was born from the desire to make multiple voices resonate, to celebrate the diversity of perspectives, forms, materials and stories.<\/p>\n<p>Located in the heart of Casablanca, the gallery aims to be a meeting place for artists and the public, but also for traditions and modernity, the local and the universal. Here, each exhibition is designed as a journey: an invitation to feel, to reflect, to question, to dream.<\/p>\n<p>We are committed to supporting emerging artists as much as paying tribute to established careers.<\/p>\n\n\t\t<\/div>\n\t<\/div>\n<\/div><\/div><\/div><div class=\"wpb_column vc_column_container vc_col-sm-6\"><div class=\"vc_column-inner\"><div class=\"wpb_wrapper\">\n\t<div class=\"wpb_text_column wpb_content_element\" >\n\t\t<div class=\"wpb_wrapper\">\n\t\t\t<p dir=\"auto\">From painting to photography, from sculpture to installation, the Eden gallery explores all dimensions of contemporary creation, with rigor and sensitivity.<\/p>\n<p dir=\"auto\">More than just an exhibition space, the Eden Gallery is a space for sharing, transmission, and emotion. We look forward to seeing you there, curious, attentive, and open-minded, to discover what the artists have to say to us\u2014and to offer us.<\/p>\n<p><strong>Fatim-Zahra Tahiri<br \/>\n<\/strong>Founder and director of the Eden Art gallery<\/p>\n\n\t\t<\/div>\n\t<\/div>\n<\/div><\/div><\/div><\/div><\/div><\/div><\/div><div  class=\"wpb_column vc_column_container vc_col-sm-5 vc_col-sm-offset-1\"><div class=\"vc_column-inner\" style=\"\" ><div class=\"wpb_wrapper\">\n\t<div class=\"wpb_single_image wpb_content_element vc_align_left   xtd-offset-frame\">\n\t\t\n\t\t<figure class=\"wpb_wrapper vc_figure\">\n\t\t\t<div class=\"vc_single_image-wrapper xtd-shadow--normal-normal  vc_box_border_grey\"><img loading=\"lazy\" decoding=\"async\" width=\"660\" height=\"665\" src=\"https:\/\/edenartgallery.ma\/wp-content\/uploads\/2025\/06\/fatima-2-1017x1024.jpeg\" class=\"vc_single_image-img attachment-large\" alt=\"\" title=\"fatima-2\" \/><\/div>\n\t\t<\/figure>\n\t<\/div>\n<\/div><\/div><\/div><\/div><div class=\"vc_row-full-width vc_clearfix\"><\/div><div id=\"about-us\" data-vc-full-width=\"true\" data-vc-full-width-init=\"false\" data-stellar-offset-parent=\"true\"  class=\"vc_row wpb_row vc_row-fluid xtd-background--fixed bg-pos-center-bottom bg-no-repeat content-padding-lg vc_custom_1747650068018 vc_row-has-fill\"><div  class=\"wpb_column vc_column_container vc_col-sm-12\"><div class=\"vc_column-inner\" style=\"\" ><div class=\"wpb_wrapper\">\n\t<div class=\"wpb_text_column wpb_content_element\" >\n\t\t<div class=\"wpb_wrapper\">\n\t\t\t<h1 class=\"display-1\" style=\"text-align: center;\">The Beginning<\/h1>\n\n\t\t<\/div>\n\t<\/div>\n<div class=\"vc_empty_space  xtd-spacer--xl\"   style=\"height: 2rem\"><span class=\"vc_empty_space_inner\"><\/span><\/div><div class='xtd-timeline'><div class='xtd-timeline__item' data-title='He was born in 1994 (probably in the spring) in Salonica, then an Ottoman city, now inGreece.'>\n\t<div class=\"wpb_single_image wpb_content_element vc_align_left   xtd-offset-frame\">\n\t\t\n\t\t<figure class=\"wpb_wrapper vc_figure\">\n\t\t\t<div class=\"vc_single_image-wrapper xtd-shadow--normal-light  vc_box_border_grey\"><img loading=\"lazy\" decoding=\"async\" width=\"660\" height=\"486\" src=\"https:\/\/edenartgallery.ma\/wp-content\/uploads\/2017\/09\/tumblr_op881gbXzK1sfie3io1_1280.jpg.jpg\" class=\"vc_single_image-img attachment-large\" alt=\"\" title=\"tumblr_op881gbXzK1sfie3io1_1280.jpg\" \/><\/div>\n\t\t<\/figure>\n\t<\/div>\n\n\t<div class=\"wpb_text_column wpb_content_element vc_custom_1504184973459 z-index--1 color-primary\" >\n\t\t<div class=\"wpb_wrapper\">\n\t\t\t<p><strong class=\"font-family--h1 display-1\">1974<\/strong><\/p>\n\n\t\t<\/div>\n\t<\/div>\n<div class=\"vc_empty_space\"   style=\"height: 32px\"><span class=\"vc_empty_space_inner\"><\/span><\/div>\n\t<div class=\"wpb_text_column wpb_content_element\" >\n\t\t<div class=\"wpb_wrapper\">\n\t\t\t<p class=\"lead-sm h1--font-family\">He was born in 1882 (probably in the spring) in Salonica, then an Ottoman city, now inGreece. His father Ali Riza, a customs official turned lumber merchant, died when Mustafawas.<\/p>\n\n\t\t<\/div>\n\t<\/div>\n<\/div><div class='xtd-timeline__item' data-title='Early Years'>\n\t<div class=\"wpb_single_image wpb_content_element vc_align_left   xtd-offset-frame onclick-video_link\">\n\t\t\n\t\t<figure class=\"wpb_wrapper vc_figure\">\n\t\t\t<a href=\"https:\/\/vimeo.com\/166509321\" target=\"_self\" class=\"vc_single_image-wrapper xtd-shadow--normal-light  vc_box_border_grey ct-lightbox-video\"><img loading=\"lazy\" decoding=\"async\" width=\"660\" height=\"440\" src=\"https:\/\/edenartgallery.ma\/wp-content\/uploads\/2017\/09\/InderBildergalerieII-1024x683.jpg\" class=\"vc_single_image-img attachment-large\" alt=\"\" title=\"InderBildergalerieII\" \/><\/a>\n\t\t<\/figure>\n\t<\/div>\n\n\t<div class=\"wpb_text_column wpb_content_element vc_custom_1504184987838 z-index--1 color-primary\" >\n\t\t<div class=\"wpb_wrapper\">\n\t\t\t<p><strong class=\"font-family--h1 display-1\">1994<\/strong><\/p>\n\n\t\t<\/div>\n\t<\/div>\n<div class=\"vc_empty_space\"   style=\"height: 32px\"><span class=\"vc_empty_space_inner\"><\/span><\/div>\n\t<div class=\"wpb_text_column wpb_content_element\" >\n\t\t<div class=\"wpb_wrapper\">\n\t\t\t<p class=\"lead-sm h1--font-family\">He was born in 1994 (probably in the spring) in Salonica, then an Ottoman city, now inGreece. His father Ali Riza, a customs official turned lumber merchant, died when Mustafawas.<\/p>\n\n\t\t<\/div>\n\t<\/div>\n<\/div><div class='xtd-timeline__item' data-title='THE PRESENT'>\n\t<div class=\"wpb_single_image wpb_content_element vc_align_left   xtd-offset-frame\">\n\t\t\n\t\t<figure class=\"wpb_wrapper vc_figure\">\n\t\t\t<div class=\"vc_single_image-wrapper xtd-shadow--normal-light  vc_box_border_grey\"><img loading=\"lazy\" decoding=\"async\" width=\"660\" height=\"440\" src=\"https:\/\/edenartgallery.ma\/wp-content\/uploads\/2017\/09\/Gemaldegalerie-1024x683.jpg\" class=\"vc_single_image-img attachment-large\" alt=\"\" title=\"Gem\u00e4ldegalerie\" \/><\/div>\n\t\t<\/figure>\n\t<\/div>\n\n\t<div class=\"wpb_text_column wpb_content_element vc_custom_1504184996439 z-index--1 color-primary\" >\n\t\t<div class=\"wpb_wrapper\">\n\t\t\t<p><strong class=\"font-family--h1 display-1\">2002<\/strong><\/p>\n\n\t\t<\/div>\n\t<\/div>\n<div class=\"vc_empty_space\"   style=\"height: 32px\"><span class=\"vc_empty_space_inner\"><\/span><\/div>\n\t<div class=\"wpb_text_column wpb_content_element\" >\n\t\t<div class=\"wpb_wrapper\">\n\t\t\t<p class=\"lead-sm h1--font-family\">He was born in 1999 (probably in the spring) in Salonica, then an Ottoman city, now inGreece. His father Ali Riza, a customs official turned lumber merchant, died when Mustafawas still a boy. His mother Zubeyde, adevout and strong-willed woman.<\/p>\n\n\t\t<\/div>\n\t<\/div>\n<\/div><div class='xtd-timeline__item' data-title='HOSTED SHOWS'>\n\t<div class=\"wpb_single_image wpb_content_element vc_align_left  vc_custom_1504608700184  xtd-offset-frame\">\n\t\t\n\t\t<figure class=\"wpb_wrapper vc_figure\">\n\t\t\t<div class=\"vc_single_image-wrapper xtd-shadow--normal-light  vc_box_border_grey\"><img loading=\"lazy\" decoding=\"async\" width=\"660\" height=\"495\" src=\"https:\/\/edenartgallery.ma\/wp-content\/uploads\/2017\/09\/understandingartatexhibitionopening-1024x768.jpg\" class=\"vc_single_image-img attachment-large\" alt=\"\" title=\"understandingartatexhibitionopening\" \/><\/div>\n\t\t<\/figure>\n\t<\/div>\n\n\t<div class=\"wpb_text_column wpb_content_element vc_custom_1504185002788 z-index--1 color-primary\" >\n\t\t<div class=\"wpb_wrapper\">\n\t\t\t<p><strong class=\"font-family--h1 display-1\">2017<\/strong><\/p>\n\n\t\t<\/div>\n\t<\/div>\n<div class=\"vc_empty_space\"   style=\"height: 32px\"><span class=\"vc_empty_space_inner\"><\/span><\/div>\n\t<div class=\"wpb_text_column wpb_content_element\" >\n\t\t<div class=\"wpb_wrapper\">\n\t\t\t<p class=\"lead-sm h1--font-family\">He was born in 2017 (probably in the spring) in Salonica, then an Ottoman city, now inGreece. His father Ali Riza, a customs official turned lumber merchant, died when Mustafawas.<\/p>\n\n\t\t<\/div>\n\t<\/div>\n<\/div><\/div><\/div><\/div><\/div><\/div><div class=\"vc_row-full-width vc_clearfix\"><\/div><div id=\"staff-board\" data-stellar-offset-parent=\"true\"  class=\"vc_row wpb_row vc_row-fluid content-padding-lg vc_row-o-content-middle vc_row-flex\"><div  class=\"wpb_column vc_column_container vc_col-sm-7\"><div class=\"vc_column-inner\" style=\"\" ><div class=\"wpb_wrapper\">\n\t<div class=\"wpb_text_column wpb_content_element\" >\n\t\t<div class=\"wpb_wrapper\">\n\t\t\t<h1>Staff &amp; Board<\/h1>\n<p class=\"lead\">Royal Gallery is led by co-CEOs, Artistic Director John Crawford and Executive Producer William Thompson. The Executives are\u00a0supported by the core artistic team: Samuel Olivier (Resident Dramaturg), Jordan Tyson (Associate Producer), Martin Scott\u00a0(Director in Residence) and Susan Brown (Resident Artist).<\/p>\n<p>BOARD MEMBERS \/\u00a0<strong>Adam Auster (Chair), Ben Miller (Deputy Chair),\u00a0Heidi Lana AM,\u00a0Andrew Johnson QC, Ronnie Brown, Michelle May, John Stevenson AM, Angelina Rey, Amy Tyson, Martin Bell, Tasha Rufus, Laura Lanzeti AO &amp;\u00a0Rodrigo Gomez<\/strong>.<\/p>\n\n\t\t<\/div>\n\t<\/div>\n<div class=\"vc_empty_space  xtd-spacer\"   style=\"height: 2rem\"><span class=\"vc_empty_space_inner\"><\/span><\/div><div class=\"vc_row wpb_row vc_inner vc_row-fluid vc_column-gap-35\"><div class=\"wpb_column vc_column_container vc_col-sm-6\"><div class=\"vc_column-inner\"><div class=\"wpb_wrapper\">\n\t<div class=\"wpb_text_column wpb_content_element\" >\n\t\t<div class=\"wpb_wrapper\">\n\t\t\t<h4>ARTISTIC &amp; PROGRAMMING<\/h4>\n<p>ARTISTIC DIRECTOR &amp; CO-CEO \/\u00a0John Crawford<br \/>\nEXECUTIVE PRODUCER &amp; CO-CEO \/\u00a0William Thompson<br \/>\nRESIDENT ARTIST \/\u00a0Samuel Olivier<br \/>\nDIRECTOR IN RESIDENCE\u00a0\/ Martin Scott<br \/>\nRESIDENT ARTIST\u00a0\/ Susan Brown<br \/>\nRESIDENT DESIGNER \/ Tony Rufus<br \/>\nPRODUCER\u00a0\/ Andrew McNamara<br \/>\nASSOCIATE PRODUCER\u00a0\/ Jordan Tyson<br \/>\nCOMPANY MANAGER\u00a0\/ Amanda Fields<\/p>\n<h4>FINANCE &amp; ADMINISTRATION<\/h4>\n<p>FINANCE MANAGER\u00a0\/ Adam Scarlett<br \/>\nFINANCE ADMINISTRATOR \/\u00a0Debbie Fox<br \/>\nGENERAL MANAGER\u00a0\/ Liz Gaudini<\/p>\n\n\t\t<\/div>\n\t<\/div>\n<\/div><\/div><\/div><div class=\"wpb_column vc_column_container vc_col-sm-6\"><div class=\"vc_column-inner\"><div class=\"wpb_wrapper\">\n\t<div class=\"wpb_text_column wpb_content_element\" >\n\t\t<div class=\"wpb_wrapper\">\n\t\t\t<h4>PRODUCTION<\/h4>\n<p>PRODUCTION MANAGER\u00a0\/ Ernst Pynchon<br \/>\nWORKSHOP MANAGER\u00a0\/ Daniel Auster<br \/>\nTECHNICAL MANAGER\u00a0\/ William Twain<br \/>\nOPERATIONS MANAGER\u00a0\/ Tony Miller<br \/>\nHEAD TECHNICIAN\u00a0\/ Jason Lanzeti<br \/>\nHEAD CARPENTER\u00a0\/ Michelle Lana<\/p>\n<h4>EDUCATION<\/h4>\n<p>YOUTH &amp; EDUCATION MANAGER\u00a0\/\u00a0Tatiana Alexis<\/p>\n<h4>VENUE MANAGEMENT<\/h4>\n<p>VENUE MANAGER \/\u00a0James Bell<br \/>\nFRONT OF HOUSE MANAGERS \/\u00a0Harry Olivier &amp; Marta Crawford<\/p>\n\n\t\t<\/div>\n\t<\/div>\n<\/div><\/div><\/div><\/div><\/div><\/div><\/div><div  class=\"wpb_column vc_column_container vc_col-sm-3 vc_col-sm-offset-2\"><div class=\"vc_column-inner\" style=\"\" ><div class=\"wpb_wrapper\">\n\t<div class=\"wpb_single_image wpb_content_element vc_align_left   xtd-offset-frame\">\n\t\t\n\t\t<figure class=\"wpb_wrapper vc_figure\">\n\t\t\t<div class=\"vc_single_image-wrapper xtd-shadow--normal-normal  vc_box_border_grey\"><img loading=\"lazy\" decoding=\"async\" width=\"681\" height=\"1225\" src=\"https:\/\/edenartgallery.ma\/wp-content\/uploads\/2017\/09\/person1-2.jpg\" class=\"vc_single_image-img attachment-full\" alt=\"\" title=\"person1-2\" \/><\/div>\n\t\t<\/figure>\n\t<\/div>\n\n\t<div class=\"wpb_single_image wpb_content_element vc_align_left  vc_custom_1504608884577  xtd-offset-frame\">\n\t\t\n\t\t<figure class=\"wpb_wrapper vc_figure\">\n\t\t\t<div class=\"vc_single_image-wrapper xtd-shadow--normal-normal  vc_box_border_grey\"><img loading=\"lazy\" decoding=\"async\" width=\"681\" height=\"1225\" src=\"https:\/\/edenartgallery.ma\/wp-content\/uploads\/2017\/09\/person2-2.jpg\" class=\"vc_single_image-img attachment-full\" alt=\"\" title=\"person2-2\" \/><\/div>\n\t\t<\/figure>\n\t<\/div>\n<\/div><\/div><\/div><\/div><div id=\"image-flat\" data-vc-full-width=\"true\" data-vc-full-width-init=\"false\" data-vc-stretch-content=\"true\" data-stellar-offset-parent=\"true\"  class=\"vc_row wpb_row vc_row-fluid content-padding\"><div  class=\"wpb_column vc_column_container vc_col-sm-12\"><div class=\"vc_column-inner\" style=\"\" ><div class=\"wpb_wrapper\">\n\t<div class=\"wpb_single_image wpb_content_element vc_align_left\">\n\t\t\n\t\t<figure class=\"wpb_wrapper vc_figure\">\n\t\t\t<div class=\"vc_single_image-wrapper   vc_box_border_grey\"><img loading=\"lazy\" decoding=\"async\" width=\"2048\" height=\"726\" src=\"https:\/\/edenartgallery.ma\/wp-content\/uploads\/2025\/05\/gallery_cadre.png\" class=\"vc_single_image-img attachment-full\" alt=\"\" title=\"gallery_cadre\" \/><\/div>\n\t\t<\/figure>\n\t<\/div>\n<\/div><\/div><\/div><\/div><div class=\"vc_row-full-width vc_clearfix\"><\/div>\n<\/div>","protected":false},"excerpt":{"rendered":"Bienvenue \u00e0 la Galerie Eden, Lorsque j\u2019ai fond\u00e9 cette galerie, mon ambition \u00e9tait simple mais essentielle : cr\u00e9er un espace vivant, audacieux et g\u00e9n\u00e9reux, o\u00f9 l\u2019art contemporain puisse dialoguer librement avec le monde, avec nos h\u00e9ritages et avec nos imaginaires. Eden Art est n\u00e9e du d\u00e9sir de faire r\u00e9sonner des voix multiples, de c\u00e9l\u00e9brer la diversit\u00e9 des regards, des formes, [...]","protected":false},"author":1,"featured_media":0,"parent":0,"menu_order":0,"comment_status":"closed","ping_status":"closed","template":"","meta":{"footnotes":""},"class_list":["post-80","page","type-page","status-publish","hentry"],"_links":{"self":[{"href":"https:\/\/edenartgallery.ma\/en\/wp-json\/wp\/v2\/pages\/80","targetHints":{"allow":["GET"]}}],"collection":[{"href":"https:\/\/edenartgallery.ma\/en\/wp-json\/wp\/v2\/pages"}],"about":[{"href":"https:\/\/edenartgallery.ma\/en\/wp-json\/wp\/v2\/types\/page"}],"author":[{"embeddable":true,"href":"https:\/\/edenartgallery.ma\/en\/wp-json\/wp\/v2\/users\/1"}],"replies":[{"embeddable":true,"href":"https:\/\/edenartgallery.ma\/en\/wp-json\/wp\/v2\/comments?post=80"}],"version-history":[{"count":0,"href":"https:\/\/edenartgallery.ma\/en\/wp-json\/wp\/v2\/pages\/80\/revisions"}],"wp:attachment":[{"href":"https:\/\/edenartgallery.ma\/en\/wp-json\/wp\/v2\/media?parent=80"}],"curies":[{"name":"wp","href":"https:\/\/api.w.org\/{rel}","templated":true}]}}