{"id":7159,"date":"2025-06-27T01:28:15","date_gmt":"2025-06-27T01:28:15","guid":{"rendered":"https:\/\/edenartgallery.ma\/?page_id=7159"},"modified":"2025-06-27T01:34:46","modified_gmt":"2025-06-27T01:34:46","slug":"kamal-essoussi","status":"publish","type":"page","link":"https:\/\/edenartgallery.ma\/en\/about-us\/kamal-essoussi\/","title":{"rendered":"kamal Essoussi"},"content":{"rendered":"<div class=\"wpb-content-wrapper\"><div data-stellar-offset-parent=\"true\"  class=\"vc_row wpb_row vc_row-fluid content-padding vc_custom_1504195713546\"><div  class=\"wpb_column vc_column_container vc_col-sm-12\"><div class=\"vc_column-inner\" style=\"\" ><div class=\"wpb_wrapper\">\n\t<div class=\"wpb_text_column wpb_content_element\" >\n\t\t<div class=\"wpb_wrapper\">\n\t\t\t<h1 class=\"display-2 special-title\" style=\"text-align: center;\"><small>ARTISTE<\/small>kamal Essoussi<\/h1>\n\n\t\t<\/div>\n\t<\/div>\n<div class=\"vc_empty_space  xtd-spacer\"   style=\"height: 2rem\"><span class=\"vc_empty_space_inner\"><\/span><\/div><\/div><\/div><\/div><div  class=\"wpb_column vc_column_container vc_col-sm-4\"><div class=\"vc_column-inner\" style=\"\" ><div class=\"wpb_wrapper\">\n\t<div class=\"wpb_single_image wpb_content_element vc_align_left   xtd-offset-frame\">\n\t\t\n\t\t<figure class=\"wpb_wrapper vc_figure\">\n\t\t\t<div class=\"vc_single_image-wrapper xtd-shadow--normal-light  vc_box_border_grey\"><img loading=\"lazy\" decoding=\"async\" width=\"900\" height=\"600\" src=\"https:\/\/edenartgallery.ma\/wp-content\/uploads\/2025\/06\/kamal-sous.png\" class=\"vc_single_image-img attachment-full\" alt=\"\" title=\"kamal-sous\" \/><\/div>\n\t\t<\/figure>\n\t<\/div>\n<div class=\"vc_empty_space  xtd-spacer\"   style=\"height: 2rem\"><span class=\"vc_empty_space_inner\"><\/span><\/div><\/div><\/div><\/div><div  class=\"wpb_column vc_column_container vc_col-sm-8 vc_col-lg-offset-1 vc_col-lg-7\"><div class=\"vc_column-inner\" style=\"\" ><div class=\"wpb_wrapper\">\n\t<div class=\"wpb_text_column wpb_content_element\" >\n\t\t<div class=\"wpb_wrapper\">\n\t\t\t<div class=\"page\" title=\"Page 5\">\n<div class=\"layoutArea\">\n<div class=\"column\">\n<p>Kamal Essoussi est un artiste d&rsquo;exception, dont le travail explore l&rsquo;intersection entre l&rsquo;art contemporain, la culture traditionnelle et l&rsquo;expression personnelle. N\u00e9 et grandi au Maroc, ses racines plongent profond\u00e9ment dans la richesse et la diversit\u00e9 des arts visuels de son pays. Cependant, son \u0153uvre transcende les fronti\u00e8res g\u00e9ographiques et culturelles, offrant une vision unique et moderne du monde.<\/p>\n<\/div>\n<\/div>\n<\/div>\n\n\t\t<\/div>\n\t<\/div>\n<div class=\"vc_row wpb_row vc_inner vc_row-fluid vc_column-gap-35\"><div class=\"wpb_column vc_column_container vc_col-sm-6\"><div class=\"vc_column-inner\"><div class=\"wpb_wrapper\">\n\t<div class=\"wpb_text_column wpb_content_element\" >\n\t\t<div class=\"wpb_wrapper\">\n\t\t\t<p>L&rsquo;art de Kamal Essoussi se distingue par sa capacit\u00e9 \u00e0 m\u00ealer des \u00e9l\u00e9ments classiques avec des innovations contemporaines. Son utilisation des mat\u00e9riaux, des textures et des couleurs donne naissance \u00e0 des cr\u00e9ations captivantes qui interrogent, provoquent et inspirent. Que ce soit \u00e0 travers la peinture, la sculpture ou des installations multim\u00e9dia, son travail invite le spectateur \u00e0 r\u00e9fl\u00e9chir sur des th\u00e8mes universels tels que l&rsquo;identit\u00e9, la m\u00e9moire, et la fusion entre tradition et modernit\u00e9.<\/p>\n\n\t\t<\/div>\n\t<\/div>\n<\/div><\/div><\/div><div class=\"wpb_column vc_column_container vc_col-sm-6\"><div class=\"vc_column-inner\"><div class=\"wpb_wrapper\"><div class='xtd-carousel-mini__container'><div class='xtd-carousel-mini'><div class='owl-carousel' data-autoplay='true' data-timeout='2000' data-hover='false' data-loop='false' data-dots='true'>\n\t<div class=\"wpb_single_image wpb_content_element vc_align_left\">\n\t\t\n\t\t<figure class=\"wpb_wrapper vc_figure\">\n\t\t\t<div class=\"vc_single_image-wrapper   vc_box_border_grey\"><img loading=\"lazy\" decoding=\"async\" width=\"406\" height=\"426\" src=\"https:\/\/edenartgallery.ma\/wp-content\/uploads\/2025\/06\/kamal1.png\" class=\"vc_single_image-img attachment-full\" alt=\"\" title=\"kamal1\" \/><\/div>\n\t\t<\/figure>\n\t<\/div>\n<\/div><\/div><\/div><\/div><\/div><\/div><\/div><\/div><\/div><\/div><\/div><div data-stellar-offset-parent=\"true\"  class=\"vc_row wpb_row vc_row-fluid content-padding vc_column-gap-35 vc_row-o-content-middle vc_row-flex\"><div  class=\"wpb_column vc_column_container vc_col-sm-8\"><div class=\"vc_column-inner\" style=\"\" ><div class=\"wpb_wrapper\">\n\t<div class=\"wpb_single_image wpb_content_element vc_align_center\">\n\t\t\n\t\t<figure class=\"wpb_wrapper vc_figure\">\n\t\t\t<div class=\"vc_single_image-wrapper xtd-shadow--normal-normal  vc_box_border_grey\"><img loading=\"lazy\" decoding=\"async\" width=\"440\" height=\"467\" src=\"https:\/\/edenartgallery.ma\/wp-content\/uploads\/2025\/06\/kamal2.png\" class=\"vc_single_image-img attachment-full\" alt=\"\" title=\"kamal2\" \/><\/div>\n\t\t<\/figure>\n\t<\/div>\n<\/div><\/div><\/div><div  class=\"wpb_column vc_column_container vc_col-sm-4 vc_col-lg-offset-1 vc_col-lg-3\"><div class=\"vc_column-inner\" style=\"\" ><div class=\"wpb_wrapper\">\n\t<div class=\"wpb_text_column wpb_content_element\" >\n\t\t<div class=\"wpb_wrapper\">\n\t\t\t<p>Kamal Essoussi est reconnu pour sa volont\u00e9 d&rsquo;exp\u00e9rimenter et de repousser les limites de l&rsquo;art, tout en restant profond\u00e9ment ancr\u00e9 dans les valeurs culturelles marocaines. Ses \u0153uvres sont souvent le reflet d&rsquo;un dialogue intime entre l&rsquo;artiste et son environnement, ainsi que de l&rsquo;h\u00e9ritage culturel qu&rsquo;il cherche \u00e0 pr\u00e9server tout en le r\u00e9inventant.<\/p>\n\n\t\t<\/div>\n\t<\/div>\n<\/div><\/div><\/div><\/div>\n<\/div>","protected":false},"excerpt":{"rendered":"ARTISTEkamal Essoussi Kamal Essoussi est un artiste d'exception, dont le travail explore l'intersection entre l'art contemporain, la culture traditionnelle et l'expression personnelle. N\u00e9 et grandi au Maroc, ses racines plongent profond\u00e9ment dans la richesse et la diversit\u00e9 des arts visuels de son pays. Cependant, son \u0153uvre transcende les fronti\u00e8res g\u00e9ographiques et culturelles, offrant une vision unique et moderne du monde. [...]","protected":false},"author":1,"featured_media":0,"parent":80,"menu_order":0,"comment_status":"closed","ping_status":"closed","template":"","meta":{"footnotes":""},"class_list":["post-7159","page","type-page","status-publish","hentry"],"_links":{"self":[{"href":"https:\/\/edenartgallery.ma\/en\/wp-json\/wp\/v2\/pages\/7159","targetHints":{"allow":["GET"]}}],"collection":[{"href":"https:\/\/edenartgallery.ma\/en\/wp-json\/wp\/v2\/pages"}],"about":[{"href":"https:\/\/edenartgallery.ma\/en\/wp-json\/wp\/v2\/types\/page"}],"author":[{"embeddable":true,"href":"https:\/\/edenartgallery.ma\/en\/wp-json\/wp\/v2\/users\/1"}],"replies":[{"embeddable":true,"href":"https:\/\/edenartgallery.ma\/en\/wp-json\/wp\/v2\/comments?post=7159"}],"version-history":[{"count":0,"href":"https:\/\/edenartgallery.ma\/en\/wp-json\/wp\/v2\/pages\/7159\/revisions"}],"up":[{"embeddable":true,"href":"https:\/\/edenartgallery.ma\/en\/wp-json\/wp\/v2\/pages\/80"}],"wp:attachment":[{"href":"https:\/\/edenartgallery.ma\/en\/wp-json\/wp\/v2\/media?parent=7159"}],"curies":[{"name":"wp","href":"https:\/\/api.w.org\/{rel}","templated":true}]}}