{"id":7147,"date":"2025-06-27T01:07:29","date_gmt":"2025-06-27T01:07:29","guid":{"rendered":"https:\/\/edenartgallery.ma\/?page_id=7147"},"modified":"2025-06-27T01:07:59","modified_gmt":"2025-06-27T01:07:59","slug":"mohamed-anzaoui","status":"publish","type":"page","link":"https:\/\/edenartgallery.ma\/en\/about-us\/mohamed-anzaoui\/","title":{"rendered":"Mohamed Anzaoui"},"content":{"rendered":"<div class=\"wpb-content-wrapper\"><div data-stellar-offset-parent=\"true\"  class=\"vc_row wpb_row vc_row-fluid content-padding vc_custom_1504195713546\"><div  class=\"wpb_column vc_column_container vc_col-sm-12\"><div class=\"vc_column-inner\" style=\"\" ><div class=\"wpb_wrapper\">\n\t<div class=\"wpb_text_column wpb_content_element\" >\n\t\t<div class=\"wpb_wrapper\">\n\t\t\t<h1 class=\"display-2 special-title\" style=\"text-align: center;\"><small>ARTISTE<\/small>Mohamed Anzaoui<\/h1>\n\n\t\t<\/div>\n\t<\/div>\n<div class=\"vc_empty_space  xtd-spacer\"   style=\"height: 2rem\"><span class=\"vc_empty_space_inner\"><\/span><\/div><\/div><\/div><\/div><div  class=\"wpb_column vc_column_container vc_col-sm-4\"><div class=\"vc_column-inner\" style=\"\" ><div class=\"wpb_wrapper\">\n\t<div class=\"wpb_single_image wpb_content_element vc_align_left   xtd-offset-frame\">\n\t\t\n\t\t<figure class=\"wpb_wrapper vc_figure\">\n\t\t\t<div class=\"vc_single_image-wrapper xtd-shadow--normal-light  vc_box_border_grey\"><img loading=\"lazy\" decoding=\"async\" width=\"900\" height=\"600\" src=\"https:\/\/edenartgallery.ma\/wp-content\/uploads\/2025\/06\/anazaoui.png\" class=\"vc_single_image-img attachment-full\" alt=\"\" title=\"anazaoui\" \/><\/div>\n\t\t<\/figure>\n\t<\/div>\n<div class=\"vc_empty_space  xtd-spacer\"   style=\"height: 2rem\"><span class=\"vc_empty_space_inner\"><\/span><\/div>\n\t<div class=\"wpb_text_column wpb_content_element\" >\n\t\t<div class=\"wpb_wrapper\">\n\t\t\t<p style=\"text-align: center;\">\u00ab\u00a0En c\u00e9l\u00e9brant la renaissance, cette exposition c\u00e9l\u00e8bre l&rsquo;\u00e9loge de l&rsquo;inattendu, et se concentre sur la po\u00e9tique du mouvement, de la foudre et de l&rsquo;abstraction&#8230;\u201d<\/p>\n\n\t\t<\/div>\n\t<\/div>\n<\/div><\/div><\/div><div  class=\"wpb_column vc_column_container vc_col-sm-8 vc_col-lg-offset-1 vc_col-lg-7\"><div class=\"vc_column-inner\" style=\"\" ><div class=\"wpb_wrapper\">\n\t<div class=\"wpb_text_column wpb_content_element\" >\n\t\t<div class=\"wpb_wrapper\">\n\t\t\t<div class=\"page\" title=\"Page 5\">\n<div class=\"layoutArea\">\n<div class=\"column\">\n<p>Mohamed Anzaoui: Rena\u00eetre de ses cendres<br \/>\nLa r\u00e9p\u00e9tition est au c\u0153ur de l&rsquo;acte de peindre; la diff\u00e9rence en est la variation, la condition pour que la peinture se perp\u00e9tue et se renouvelle. On pourrait pour approcher la peinture de Mohamed Anzaoui revenir sur la conception nietzsch\u00e9enne de l&rsquo;art que le philosophe d\u00e9finit en termes de physiologie, en opposition avec la conception esth\u00e9tique h\u00e9g\u00e9lienne. Cr\u00e9er consisterait d&rsquo;abord \u00e0 affronter un chaos int\u00e9rieur avant m\u00eame de chercher \u00e0 lui donner forme et \u00e0 le transmuer en beaut\u00e9.<\/p>\n<\/div>\n<\/div>\n<\/div>\n\n\t\t<\/div>\n\t<\/div>\n<div class=\"vc_row wpb_row vc_inner vc_row-fluid vc_column-gap-35\"><div class=\"wpb_column vc_column_container vc_col-sm-6\"><div class=\"vc_column-inner\"><div class=\"wpb_wrapper\">\n\t<div class=\"wpb_text_column wpb_content_element\" >\n\t\t<div class=\"wpb_wrapper\">\n\t\t\t<div class=\"page\" title=\"Page 5\">\n<div class=\"layoutArea\">\n<div class=\"column\">\n<p>L&rsquo;artiste, peintre ou musicien, entre en r\u00e9sonance avec sa nature intime travers\u00e9e par les passions, mais aussi avec les tensions ext\u00e9rieures d&rsquo;un monde en perp\u00e9tuelle \u00e9bullition. Le renouveau sous lequel Anzaoui place sa nouvelle exposition est \u00e0 comprendre non seulement comme un \u00e9ternel retour de la peinture, mais aussi du sensible. L&rsquo;artiste est celui qui sait entrer en conflit avec lui-m\u00eame, mais r\u00e9percute aussi les conflits qui traversent le monde. La d\u00e9flagration est son credo.<\/p>\n<\/div>\n<\/div>\n<\/div>\n\n\t\t<\/div>\n\t<\/div>\n<\/div><\/div><\/div><div class=\"wpb_column vc_column_container vc_col-sm-6\"><div class=\"vc_column-inner\"><div class=\"wpb_wrapper\"><div class='xtd-carousel-mini__container'><div class='xtd-carousel-mini'><div class='owl-carousel' data-autoplay='true' data-timeout='2000' data-hover='false' data-loop='false' data-dots='true'>\n\t<div class=\"wpb_single_image wpb_content_element vc_align_left\">\n\t\t\n\t\t<figure class=\"wpb_wrapper vc_figure\">\n\t\t\t<div class=\"vc_single_image-wrapper   vc_box_border_grey\"><img loading=\"lazy\" decoding=\"async\" width=\"482\" height=\"463\" src=\"https:\/\/edenartgallery.ma\/wp-content\/uploads\/2025\/06\/anz2.png\" class=\"vc_single_image-img attachment-full\" alt=\"\" title=\"anz2\" \/><\/div>\n\t\t<\/figure>\n\t<\/div>\n\n\t<div class=\"wpb_single_image wpb_content_element vc_align_left\">\n\t\t\n\t\t<figure class=\"wpb_wrapper vc_figure\">\n\t\t\t<div class=\"vc_single_image-wrapper   vc_box_border_grey\"><img loading=\"lazy\" decoding=\"async\" width=\"653\" height=\"649\" src=\"https:\/\/edenartgallery.ma\/wp-content\/uploads\/2025\/06\/anz1.png\" class=\"vc_single_image-img attachment-full\" alt=\"\" title=\"anz1\" \/><\/div>\n\t\t<\/figure>\n\t<\/div>\n<\/div><\/div><\/div><\/div><\/div><\/div><\/div><\/div><\/div><\/div><\/div><div data-stellar-offset-parent=\"true\"  class=\"vc_row wpb_row vc_row-fluid content-padding vc_column-gap-35 vc_row-o-content-middle vc_row-flex\"><div  class=\"wpb_column vc_column_container vc_col-sm-8\"><div class=\"vc_column-inner\" style=\"\" ><div class=\"wpb_wrapper\">\n\t<div class=\"wpb_single_image wpb_content_element vc_align_center\">\n\t\t\n\t\t<figure class=\"wpb_wrapper vc_figure\">\n\t\t\t<div class=\"vc_single_image-wrapper xtd-shadow--normal-normal  vc_box_border_grey\"><img loading=\"lazy\" decoding=\"async\" width=\"1472\" height=\"1022\" src=\"https:\/\/edenartgallery.ma\/wp-content\/uploads\/2025\/06\/Capture-decran-2025-06-12-a-12.07.40.png\" class=\"vc_single_image-img attachment-full\" alt=\"\" title=\"Capture d\u2019e\u0301cran 2025-06-12 a\u0300 12.07.40\" \/><\/div>\n\t\t<\/figure>\n\t<\/div>\n<\/div><\/div><\/div><div  class=\"wpb_column vc_column_container vc_col-sm-4 vc_col-lg-offset-1 vc_col-lg-3\"><div class=\"vc_column-inner\" style=\"\" ><div class=\"wpb_wrapper\">\n\t<div class=\"wpb_text_column wpb_content_element\" >\n\t\t<div class=\"wpb_wrapper\">\n\t\t\t<p>Or, ce qui semble aujourd&rsquo;hui refaire surface, ce sont des forces de destruction, des pulsions de mort g\u00e9n\u00e9ralis\u00e9es que les psychanalystes d\u00e9signent par le terme de Thanatos. En t\u00e9moigne chez Anzaoui l&rsquo;abandon du bleu Nyla, devenu avec le temps la signature de ce natif d&rsquo;Asilah, au profit d&rsquo;un noir et blanc ou de gris color\u00e9s qui ne sont pas sans \u00e9voquer les gravures des D\u00e9sastres de la guerre r\u00e9alis\u00e9es par Goya entre 1810 et 1815.<\/p>\n\n\t\t<\/div>\n\t<\/div>\n<\/div><\/div><\/div><\/div><div data-stellar-offset-parent=\"true\"  class=\"vc_row wpb_row vc_row-fluid content-padding-lg vc_custom_1504536626860 vc_column-gap-35 vc_row-o-content-middle vc_row-flex\"><div  class=\"wpb_column vc_column_container vc_col-sm-4 vc_col-lg-3\"><div class=\"vc_column-inner\" style=\"\" ><div class=\"wpb_wrapper\">\n\t<div class=\"wpb_text_column wpb_content_element\" >\n\t\t<div class=\"wpb_wrapper\">\n\t\t\t<p>Deux si\u00e8cles plus tard, un m\u00eame d\u00e9cha\u00eenement de violence secoue le monde comme le sugg\u00e8re dans les toiles la pr\u00e9sence de linceuls ou de visages d&rsquo;enfants qui semblent surgir du n\u00e9ant. Parfois, la peinture donne l&rsquo;impression de jaillir d&rsquo;une explosion d&rsquo;antimati\u00e8re, comme un acte de r\u00e9sistance qui ne dirait pas son nom.<\/p>\n<p>Une ligne de d\u00e9marcation semble habiter la plupart de ces toiles, s\u00e9parant horizontalement ou verticalement diff\u00e9rents espaces qui peinent \u00e0 cohabiter.<\/p>\n\n\t\t<\/div>\n\t<\/div>\n<\/div><\/div><\/div><div  class=\"wpb_column vc_column_container vc_col-sm-8 vc_col-lg-offset-1\"><div class=\"vc_column-inner\" style=\"\" ><div class=\"wpb_wrapper\">\n\t<div class=\"wpb_single_image wpb_content_element vc_align_center\">\n\t\t\n\t\t<figure class=\"wpb_wrapper vc_figure\">\n\t\t\t<div class=\"vc_single_image-wrapper xtd-shadow--normal-normal  vc_box_border_grey\"><img loading=\"lazy\" decoding=\"async\" width=\"1300\" height=\"976\" src=\"https:\/\/edenartgallery.ma\/wp-content\/uploads\/2025\/06\/Capture-decran-2025-06-12-a-12.08.29.png\" class=\"vc_single_image-img attachment-full\" alt=\"\" title=\"Capture d\u2019e\u0301cran 2025-06-12 a\u0300 12.08.29\" \/><\/div>\n\t\t<\/figure>\n\t<\/div>\n<\/div><\/div><\/div><\/div>\n<\/div>","protected":false},"excerpt":{"rendered":"ARTISTEMohamed Anzaoui \"En c\u00e9l\u00e9brant la renaissance, cette exposition c\u00e9l\u00e8bre l'\u00e9loge de l'inattendu, et se concentre sur la po\u00e9tique du mouvement, de la foudre et de l'abstraction...\u201d Mohamed Anzaoui: Rena\u00eetre de ses cendres La r\u00e9p\u00e9tition est au c\u0153ur de l'acte de peindre; la diff\u00e9rence en est la variation, la condition pour que la peinture se perp\u00e9tue et se renouvelle. On pourrait [...]","protected":false},"author":1,"featured_media":0,"parent":80,"menu_order":0,"comment_status":"closed","ping_status":"closed","template":"","meta":{"footnotes":""},"class_list":["post-7147","page","type-page","status-publish","hentry"],"_links":{"self":[{"href":"https:\/\/edenartgallery.ma\/en\/wp-json\/wp\/v2\/pages\/7147","targetHints":{"allow":["GET"]}}],"collection":[{"href":"https:\/\/edenartgallery.ma\/en\/wp-json\/wp\/v2\/pages"}],"about":[{"href":"https:\/\/edenartgallery.ma\/en\/wp-json\/wp\/v2\/types\/page"}],"author":[{"embeddable":true,"href":"https:\/\/edenartgallery.ma\/en\/wp-json\/wp\/v2\/users\/1"}],"replies":[{"embeddable":true,"href":"https:\/\/edenartgallery.ma\/en\/wp-json\/wp\/v2\/comments?post=7147"}],"version-history":[{"count":0,"href":"https:\/\/edenartgallery.ma\/en\/wp-json\/wp\/v2\/pages\/7147\/revisions"}],"up":[{"embeddable":true,"href":"https:\/\/edenartgallery.ma\/en\/wp-json\/wp\/v2\/pages\/80"}],"wp:attachment":[{"href":"https:\/\/edenartgallery.ma\/en\/wp-json\/wp\/v2\/media?parent=7147"}],"curies":[{"name":"wp","href":"https:\/\/api.w.org\/{rel}","templated":true}]}}