{"id":212,"date":"2017-09-01T17:51:02","date_gmt":"2017-09-01T17:51:02","guid":{"rendered":"http:\/\/demo.curlythemes.com\/art-gallery-wp\/?page_id=2"},"modified":"2025-06-30T09:19:57","modified_gmt":"2025-06-30T09:19:57","slug":"home","status":"publish","type":"page","link":"https:\/\/edenartgallery.ma\/en\/","title":{"rendered":"Home"},"content":{"rendered":"<div class=\"wpb-content-wrapper\"><div data-stellar-offset-parent=\"true\"  class=\"vc_row wpb_row vc_row-fluid content-padding-xl\"><div  class=\"wpb_column vc_column_container vc_col-sm-12\"><div class=\"vc_column-inner\" style=\"\" ><div class=\"wpb_wrapper\">\n\t<div class=\"wpb_text_column wpb_content_element\" >\n\t\t<div class=\"wpb_wrapper\">\n\t\t\t<h1 class=\"special-title display-2\" style=\"text-align: center;\">Exhibitions<\/h1>\n\n\t\t<\/div>\n\t<\/div>\n\t\t<div class=\"wcs-timetable__wrapper\">\n\t\t\t<div class=\"wcs-vue\" id=\"wcs-app-13\"><\/div>\n\t\t<\/div>\n\t\t<\/div><\/div><\/div><\/div><div id=\"eden_part\" data-stellar-offset-parent=\"true\"  class=\"vc_row wpb_row vc_row-fluid content-padding-lg vc_custom_1748133870899 vc_column-gap-35\"><div  class=\"wpb_column vc_column_container vc_col-sm-8 vc_col-sm-offset-2\"><div class=\"vc_column-inner\" style=\"\" ><div class=\"wpb_wrapper\">\n\t<div class=\"wpb_text_column wpb_content_element\" >\n\t\t<div class=\"wpb_wrapper\">\n\t\t\t<h2 class=\"display-1 special-title\" style=\"text-align: center;\">Eden Art Gallery Casablanca<\/h2>\n\n\t\t<\/div>\n\t<\/div>\n<\/div><\/div><\/div><div  class=\"wpb_column vc_column_container vc_col-sm-3\"><div class=\"vc_column-inner\" style=\"\" ><div class=\"wpb_wrapper\">\n\t<div class=\"wpb_text_column wpb_content_element\" >\n\t\t<div class=\"wpb_wrapper\">\n\t\t\t<p class=\"lead\"><span style=\"color: #b89e4f;\">Espace artistique dynamique qui met en avant des artistes nationaux<br \/>\net internationaux. Le travail de la Galerie est centr\u00e9 sur l\u2019Art<br \/>\ncontemporain.<\/span><\/p>\n\n\t\t<\/div>\n\t<\/div>\n<\/div><\/div><\/div><div  class=\"wpb_column vc_column_container vc_col-sm-3\"><div class=\"vc_column-inner\" style=\"\" ><div class=\"wpb_wrapper\">\n\t<div class=\"wpb_text_column wpb_content_element\" >\n\t\t<div class=\"wpb_wrapper\">\n\t\t\t<p>Nous proposons des expositions vari\u00e9es pour explorer des th\u00e8mes li\u00e9s \u00e0 la culture marocaine et aux tendances mondiales.<\/p>\n<p>Nous \u00e9tablissons un dialogue entre diff\u00e9rents m\u00e9diums artistiques, comme la peinture, la sculpture et les installations interactives La Galerie se veut \u00eatre un lieu de d\u00e9couverte et de promotion des artistes \u00e9mergents et \u00e9tablis, avec un accent particulier sur des \u0153uvres innovantes et des projets ambitieux.<\/p>\n\n\t\t<\/div>\n\t<\/div>\n<\/div><\/div><\/div><div  class=\"wpb_column vc_column_container vc_col-sm-3\"><div class=\"vc_column-inner\" style=\"\" ><div class=\"wpb_wrapper\">\n\t<div class=\"wpb_text_column wpb_content_element\" >\n\t\t<div class=\"wpb_wrapper\">\n\t\t\t<p>Eden Art Gallery Notre histoire d\u00e9marre en 2018 via un site de vente d&rsquo;art en ligne. Puis la Galerie Eden a ouvert ses portes en juin 2022.<\/p>\n<p>Depuis, une vision a \u00e9t\u00e9 mise en place. Accompagn\u00e9e d\u2019une \u00e9quipe de 5 personnes, la Galerie propose d\u00e9sormais un planning de 6 expositions par an. Nos projets, s\u2019articulent autour de deux axes majeurs l\u2019histoire de l\u2019art contemporain marocain et l\u2019innovation.<\/p>\n\n\t\t<\/div>\n\t<\/div>\n<\/div><\/div><\/div><div  class=\"wpb_column vc_column_container vc_col-sm-3\"><div class=\"vc_column-inner\" style=\"\" ><div class=\"wpb_wrapper\">\n\t<div class=\"wpb_single_image wpb_content_element vc_align_left\">\n\t\t\n\t\t<figure class=\"wpb_wrapper vc_figure\">\n\t\t\t<div class=\"vc_single_image-wrapper vc_box_shadow_border  vc_box_border_grey\"><img loading=\"lazy\" decoding=\"async\" width=\"792\" height=\"932\" src=\"https:\/\/edenartgallery.ma\/wp-content\/uploads\/2025\/05\/Capture-decran-2025-05-19-a-17.48.02.png\" class=\"vc_single_image-img attachment-full\" alt=\"\" title=\"Capture d\u2019e\u0301cran 2025-05-19 a\u0300 17.48.02\" \/><\/div>\n\t\t<\/figure>\n\t<\/div>\n<\/div><\/div><\/div><\/div>\n<\/div>","protected":false},"excerpt":{"rendered":"Exposition - Atmosph\u00e8res&nbsp;- Aziz Benja","protected":false},"author":1,"featured_media":0,"parent":0,"menu_order":0,"comment_status":"closed","ping_status":"open","template":"","meta":{"footnotes":""},"class_list":["post-212","page","type-page","status-publish","hentry"],"_links":{"self":[{"href":"https:\/\/edenartgallery.ma\/en\/wp-json\/wp\/v2\/pages\/212","targetHints":{"allow":["GET"]}}],"collection":[{"href":"https:\/\/edenartgallery.ma\/en\/wp-json\/wp\/v2\/pages"}],"about":[{"href":"https:\/\/edenartgallery.ma\/en\/wp-json\/wp\/v2\/types\/page"}],"author":[{"embeddable":true,"href":"https:\/\/edenartgallery.ma\/en\/wp-json\/wp\/v2\/users\/1"}],"replies":[{"embeddable":true,"href":"https:\/\/edenartgallery.ma\/en\/wp-json\/wp\/v2\/comments?post=212"}],"version-history":[{"count":0,"href":"https:\/\/edenartgallery.ma\/en\/wp-json\/wp\/v2\/pages\/212\/revisions"}],"wp:attachment":[{"href":"https:\/\/edenartgallery.ma\/en\/wp-json\/wp\/v2\/media?parent=212"}],"curies":[{"name":"wp","href":"https:\/\/api.w.org\/{rel}","templated":true}]}}