{"id":129,"date":"2017-09-05T15:27:16","date_gmt":"2017-09-05T15:27:16","guid":{"rendered":"http:\/\/demo.curlythemes.com\/art-gallery-wp\/?page_id=129"},"modified":"2025-06-20T09:46:25","modified_gmt":"2025-06-20T09:46:25","slug":"monia-touiss","status":"publish","type":"page","link":"https:\/\/edenartgallery.ma\/en\/about-us\/monia-touiss\/","title":{"rendered":"Monia Touiss"},"content":{"rendered":"<div class=\"wpb-content-wrapper\"><div data-stellar-offset-parent=\"true\"  class=\"vc_row wpb_row vc_row-fluid content-padding vc_custom_1504195713546\"><div  class=\"wpb_column vc_column_container vc_col-sm-12\"><div class=\"vc_column-inner\" style=\"\" ><div class=\"wpb_wrapper\">\n\t<div class=\"wpb_text_column wpb_content_element\" >\n\t\t<div class=\"wpb_wrapper\">\n\t\t\t<h1 class=\"display-2 special-title\" style=\"text-align: center;\"><small>ARTISTE<\/small>Monia Touiss<\/h1>\n\n\t\t<\/div>\n\t<\/div>\n<div class=\"vc_empty_space  xtd-spacer\"   style=\"height: 2rem\"><span class=\"vc_empty_space_inner\"><\/span><\/div><\/div><\/div><\/div><div  class=\"wpb_column vc_column_container vc_col-sm-4\"><div class=\"vc_column-inner\" style=\"\" ><div class=\"wpb_wrapper\">\n\t<div class=\"wpb_single_image wpb_content_element vc_align_left   xtd-offset-frame\">\n\t\t\n\t\t<figure class=\"wpb_wrapper vc_figure\">\n\t\t\t<div class=\"vc_single_image-wrapper xtd-shadow--normal-light  vc_box_border_grey\"><img loading=\"lazy\" decoding=\"async\" width=\"900\" height=\"600\" src=\"https:\/\/edenartgallery.ma\/wp-content\/uploads\/2025\/05\/monia-t.png\" class=\"vc_single_image-img attachment-full\" alt=\"\" title=\"monia-t\" \/><\/div>\n\t\t<\/figure>\n\t<\/div>\n<div class=\"vc_empty_space  xtd-spacer\"   style=\"height: 2rem\"><span class=\"vc_empty_space_inner\"><\/span><\/div>\n\t<div class=\"wpb_text_column wpb_content_element\" >\n\t\t<div class=\"wpb_wrapper\">\n\t\t\t<blockquote>\n<p style=\"text-align: center;\">Les Natures<br \/>\nAbstraites,<br \/>\nle parcours d\u2019une vie\u2026<\/p>\n<\/blockquote>\n\n\t\t<\/div>\n\t<\/div>\n<\/div><\/div><\/div><div  class=\"wpb_column vc_column_container vc_col-sm-8 vc_col-lg-offset-1 vc_col-lg-7\"><div class=\"vc_column-inner\" style=\"\" ><div class=\"wpb_wrapper\">\n\t<div class=\"wpb_text_column wpb_content_element\" >\n\t\t<div class=\"wpb_wrapper\">\n\t\t\t<p class=\"lead lead-lg\">Devenir peintre, c\u2019est peut-\u00eatre commencer, \u00e0 chaque moment, \u00e0 traverser l\u2019histoire de l\u2019art et celle de la peinture.<br \/>\nQuand on fait ses classes, comme Monia Touiss, aux Beaux-Arts de T\u00e9touan, sa premi\u00e8re \u00e9cole est d\u2019abord celle de l\u2019acad\u00e9misme.<\/p>\n<p>Con\u00e7ue initialement comme une prop\u00e9deutique aux \u00e9coles des Beaux-Arts espagnols, l\u2019\u00c9cole des Beaux-Arts de T\u00e9touan \u2013 qui deviendra un an apr\u00e8s que<br \/>\nMonia Touiss eut obtenu son dipl\u00f4me en 1992, Institut National \u2013, transmet un enseignement canonique, dans l\u2019esprit de son fondateur Mariano Bertuchi. Dessin d\u2019apr\u00e8s mod\u00e8les, connaissance des justes proportions, mais surtout apprentissage empirique de la peinture en ext\u00e9rieur, sur le motif. Avant d\u2019adopter l\u2019abstraction lyrique et le genre du portrait auxquels on associe volontiers aujourd\u2019hui son travail,l\u2019artiste commence par peindre des paysages, d\u2019apr\u00e8s nature. L\u2019observation est derigueur.<\/p>\n<p>Une attention de chaque instant est requise. T\u00e9touan est une ville montagneuse, soumise aux al\u00e9as climatiques<\/p>\n\n\t\t<\/div>\n\t<\/div>\n<div class=\"vc_row wpb_row vc_inner vc_row-fluid vc_column-gap-35\"><div class=\"wpb_column vc_column_container vc_col-sm-6\"><div class=\"vc_column-inner\"><div class=\"wpb_wrapper\">\n\t<div class=\"wpb_text_column wpb_content_element\" >\n\t\t<div class=\"wpb_wrapper\">\n\t\t\t<p>Le paysage y est en constante \u00e9volution. Sans doute sommes-nous proches de ce que les peintres-calligraphes chinois d\u00e9signent par les deux id\u00e9ogrammes \u00e9voquant une \u00ab montagne-eau \u00bb dont les transformations sont incessantes. Deux approches du paysage peuvent \u00eatre ici distingu\u00e9es : l\u2019une occidentale, dans la filiation de la Renaissance, le concevrait comme un espace offert \u00e0 la perception visuelle ne demandant qu\u2019\u00e0 \u00eatre isol\u00e9 puis pr\u00e9lev\u00e9 par l\u2019\u0153il du peintre;<\/p>\n<p>l\u2019autre, plus extr\u00eame-orientale, serait per\u00e7ue en termes d\u2019interactions entre diff\u00e9rents \u00e9l\u00e9ments antagonistes.<\/p>\n\n\t\t<\/div>\n\t<\/div>\n<\/div><\/div><\/div><div class=\"wpb_column vc_column_container vc_col-sm-6\"><div class=\"vc_column-inner\"><div class=\"wpb_wrapper\"><div class='xtd-carousel-mini__container'><div class='xtd-carousel-mini'><div class='owl-carousel' data-autoplay='true' data-timeout='2000' data-hover='false' data-loop='false' data-dots='true'>\n\t<div class=\"wpb_single_image wpb_content_element vc_align_left\">\n\t\t\n\t\t<figure class=\"wpb_wrapper vc_figure\">\n\t\t\t<div class=\"vc_single_image-wrapper   vc_box_border_grey\"><img loading=\"lazy\" decoding=\"async\" width=\"1310\" height=\"1554\" src=\"https:\/\/edenartgallery.ma\/wp-content\/uploads\/2025\/05\/Capture-decran-2025-05-19-a-16.21.28.png\" class=\"vc_single_image-img attachment-full\" alt=\"\" title=\"Capture d\u2019e\u0301cran 2025-05-19 a\u0300 16.21.28\" \/><\/div>\n\t\t<\/figure>\n\t<\/div>\n\n\t<div class=\"wpb_single_image wpb_content_element vc_align_left\">\n\t\t\n\t\t<figure class=\"wpb_wrapper vc_figure\">\n\t\t\t<div class=\"vc_single_image-wrapper   vc_box_border_grey\"><img loading=\"lazy\" decoding=\"async\" width=\"1280\" height=\"1280\" src=\"https:\/\/edenartgallery.ma\/wp-content\/uploads\/2025\/05\/najwa.png\" class=\"vc_single_image-img attachment-full\" alt=\"\" title=\"najwa\" \/><\/div>\n\t\t<\/figure>\n\t<\/div>\n\n\t<div class=\"wpb_single_image wpb_content_element vc_align_left\">\n\t\t\n\t\t<figure class=\"wpb_wrapper vc_figure\">\n\t\t\t<div class=\"vc_single_image-wrapper   vc_box_border_grey\"><img loading=\"lazy\" decoding=\"async\" width=\"600\" height=\"516\" src=\"https:\/\/edenartgallery.ma\/wp-content\/uploads\/2025\/05\/cheik-1.jpeg\" class=\"vc_single_image-img attachment-full\" alt=\"\" title=\"cheik\" \/><\/div>\n\t\t<\/figure>\n\t<\/div>\n<\/div><\/div><\/div><\/div><\/div><\/div><\/div><\/div><\/div><\/div><\/div><div data-stellar-offset-parent=\"true\"  class=\"vc_row wpb_row vc_row-fluid content-padding vc_column-gap-35 vc_row-o-content-middle vc_row-flex\"><div  class=\"wpb_column vc_column_container vc_col-sm-8\"><div class=\"vc_column-inner\" style=\"\" ><div class=\"wpb_wrapper\">\n\t<div class=\"wpb_single_image wpb_content_element vc_align_center\">\n\t\t\n\t\t<figure class=\"wpb_wrapper vc_figure\">\n\t\t\t<div class=\"vc_single_image-wrapper xtd-shadow--normal-normal  vc_box_border_grey\"><img loading=\"lazy\" decoding=\"async\" width=\"1572\" height=\"1018\" src=\"https:\/\/edenartgallery.ma\/wp-content\/uploads\/2025\/05\/Capture-decran-2025-05-19-a-16.21.51.png\" class=\"vc_single_image-img attachment-full\" alt=\"\" title=\"Capture d\u2019e\u0301cran 2025-05-19 a\u0300 16.21.51\" \/><\/div>\n\t\t<\/figure>\n\t<\/div>\n<\/div><\/div><\/div><div  class=\"wpb_column vc_column_container vc_col-sm-4 vc_col-lg-offset-1 vc_col-lg-3\"><div class=\"vc_column-inner\" style=\"\" ><div class=\"wpb_wrapper\">\n\t<div class=\"wpb_text_column wpb_content_element\" >\n\t\t<div class=\"wpb_wrapper\">\n\t\t\t<p>Pour qui s\u2019est retrouv\u00e9 au c\u0153ur d\u2019une temp\u00eate ou d\u2019un orage, pour qui a vu un jour d\u00e9ferler la pluie au milieu d\u2019un ciel serein, il est ais\u00e9 de comprendre que la peinture dite de paysage passe souvent \u00e0 c\u00f4t\u00e9 de ces brusques changements de perspective<\/p>\n<p>Il faut imaginer alors notre peintre, m\u00e9ditative. Son esprit se forme aux canons d\u2019une esth\u00e9tique occidentale, mais son c\u0153ur semble aux prises avec un tourbillon de sensations contradictoires<\/p>\n\n\t\t<\/div>\n\t<\/div>\n<\/div><\/div><\/div><\/div><div data-stellar-offset-parent=\"true\"  class=\"vc_row wpb_row vc_row-fluid content-padding-lg vc_custom_1504536626860 vc_column-gap-35 vc_row-o-content-middle vc_row-flex\"><div  class=\"wpb_column vc_column_container vc_col-sm-4 vc_col-lg-3\"><div class=\"vc_column-inner\" style=\"\" ><div class=\"wpb_wrapper\">\n\t<div class=\"wpb_text_column wpb_content_element\" >\n\t\t<div class=\"wpb_wrapper\">\n\t\t\t<p>Qu\u2019\u00e0 cela ne tienne, il s\u2019agira d\u00e9sormais pour elle de peindre, moins d\u2019apr\u00e8s nature, qu\u2019en prenant appui sur la sensation que le paysage suscite en elle<\/p>\n<p>Cette sensation des transformations silencieuses \u00e0 l\u2019\u0153uvre dans le paysage se retrouve dans la plupart des toiles de Monia Touiss que l\u2019on pourra qualifier d\u2019abstraites, quand bien m\u00eame ce raccourci fait l\u2019\u00e9conomie de ce qui se joue dans une peinture qui ne fait nullement abstraction du r\u00e9el, mais reste attentive \u00e0 ses effets et \u00e0 ses r\u00e9percussions.<\/p>\n\n\t\t<\/div>\n\t<\/div>\n<\/div><\/div><\/div><div  class=\"wpb_column vc_column_container vc_col-sm-8 vc_col-lg-offset-1\"><div class=\"vc_column-inner\" style=\"\" ><div class=\"wpb_wrapper\">\n\t<div class=\"wpb_single_image wpb_content_element vc_align_center\">\n\t\t\n\t\t<figure class=\"wpb_wrapper vc_figure\">\n\t\t\t<div class=\"vc_single_image-wrapper xtd-shadow--normal-normal  vc_box_border_grey\"><img loading=\"lazy\" decoding=\"async\" width=\"2058\" height=\"1338\" src=\"https:\/\/edenartgallery.ma\/wp-content\/uploads\/2025\/05\/Capture-decran-2025-05-19-a-16.19.59.png\" class=\"vc_single_image-img attachment-full\" alt=\"\" title=\"Capture d\u2019e\u0301cran 2025-05-19 a\u0300 16.19.59\" \/><\/div>\n\t\t<\/figure>\n\t<\/div>\n<\/div><\/div><\/div><\/div>\n<\/div>","protected":false},"excerpt":{"rendered":"ARTISTEMonia Touiss Les Natures Abstraites, le parcours d\u2019une vie\u2026 Devenir peintre, c\u2019est peut-\u00eatre commencer, \u00e0 chaque moment, \u00e0 traverser l\u2019histoire de l\u2019art et celle de la peinture. Quand on fait ses classes, comme Monia Touiss, aux Beaux-Arts de T\u00e9touan, sa premi\u00e8re \u00e9cole est d\u2019abord celle de l\u2019acad\u00e9misme. Con\u00e7ue initialement comme une prop\u00e9deutique aux \u00e9coles des Beaux-Arts espagnols, l\u2019\u00c9cole des Beaux-Arts [...]","protected":false},"author":1,"featured_media":0,"parent":80,"menu_order":0,"comment_status":"closed","ping_status":"closed","template":"","meta":{"footnotes":""},"class_list":["post-129","page","type-page","status-publish","hentry"],"_links":{"self":[{"href":"https:\/\/edenartgallery.ma\/en\/wp-json\/wp\/v2\/pages\/129","targetHints":{"allow":["GET"]}}],"collection":[{"href":"https:\/\/edenartgallery.ma\/en\/wp-json\/wp\/v2\/pages"}],"about":[{"href":"https:\/\/edenartgallery.ma\/en\/wp-json\/wp\/v2\/types\/page"}],"author":[{"embeddable":true,"href":"https:\/\/edenartgallery.ma\/en\/wp-json\/wp\/v2\/users\/1"}],"replies":[{"embeddable":true,"href":"https:\/\/edenartgallery.ma\/en\/wp-json\/wp\/v2\/comments?post=129"}],"version-history":[{"count":0,"href":"https:\/\/edenartgallery.ma\/en\/wp-json\/wp\/v2\/pages\/129\/revisions"}],"up":[{"embeddable":true,"href":"https:\/\/edenartgallery.ma\/en\/wp-json\/wp\/v2\/pages\/80"}],"wp:attachment":[{"href":"https:\/\/edenartgallery.ma\/en\/wp-json\/wp\/v2\/media?parent=129"}],"curies":[{"name":"wp","href":"https:\/\/api.w.org\/{rel}","templated":true}]}}